{"id":26978,"date":"2019-12-06T10:40:02","date_gmt":"2019-12-06T09:40:02","guid":{"rendered":"https:\/\/ritpol.pl\/information-for-people-acting-as-representatives-or-suppliers-or-buyers-of-products-or-services\/"},"modified":"2024-05-17T12:45:22","modified_gmt":"2024-05-17T10:45:22","slug":"information-for-people-acting-as-representatives-or-suppliers-or-buyers-of-products-or-services","status":"publish","type":"page","link":"https:\/\/ritpol.pl\/en\/information-for-people-acting-as-representatives-or-suppliers-or-buyers-of-products-or-services\/","title":{"rendered":"Information for people acting as representatives or suppliers or buyers of products or services"},"content":{"rendered":"<p>[et_pb_section fb_built=&#8221;1&#8243; _builder_version=&#8221;4.0.6&#8243;][et_pb_row _builder_version=&#8221;4.0.6&#8243;][et_pb_column type=&#8221;4_4&#8243; _builder_version=&#8221;4.0.6&#8243;][et_pb_text _builder_version=&#8221;4.0.6&#8243; hover_enabled=&#8221;0&#8243;]<\/p>\n<div class=\"content-inner grid_9a push_4a\">\n<div class=\"right-art\">\n<article id=\"main\" class=\"content\" role=\"main\">\n<p>Description of the category of those to whom the information applies: people acting as representatives or employees of suppliers of products or services to Ritpol Spyrzy\u0144ski General Company or who purchase products or services from Ritpol Spyrzy\u0144ski General Company<\/p>\n<p>&nbsp;<\/p>\n<p>Ritpol Spyrzy\u0144ski General Partnership informs &#8211; in accordance with article 13 paragraph 1 and article 14 paragraph 1 Regulated by the European Parliament and Council (EU) 2016\/679 dated 27th of April 2016 regarding the security of individuals in relation to processing personal data and regarding the free movement of such data and the repeal of the directive 95\/46\/WE, hereinafter referred to as \u201cRODO\u201d, that:<\/p>\n<p>\u2022 the administrator of your personal data is Ritpol Spyrzy\u0144ski General Company of ul. Kamienna 1K, 42-512, Psary,<\/p>\n<p>\u2022 the legal basis of processing your personal data is written out in article 6 paragraph 1 f) RODO &#8211; the processing of data is necessary for purposed arising from legitimate interests performed by the administrator &#8211; interest are: a) conclusion and execution of the purchase contract<br \/>and product sales contract and services, b) fulfilment of the obligation to store documentation for the period specified in the regulations, c) protection and investigation of legal claims by the administrator,<\/p>\n<p>\u2022 the processing of your data is also performed based on the legal basis forming article 6 paragraph 1 c) RODO &#8211; processing is necessary to fulfil the administrator\u2019s legal obligation, consisting in storing documentation for a specific period of time<br \/>in the regulations<\/p>\n<p>\u2022 the purpose of processing data is: a) conclusion and execution of the purchase contract and product sales contract and services<br \/>with the employer of the person of subject represented by the person, b) fulfilment of the obligation to store documentation for the period specified in the regulations, c) protection and investigation of legal claims by the administrator,<\/p>\n<p>\u2022 the source of your personal data is the data subject or the data subject&#8217;s employer or the entity represented by the data subject,<\/p>\n<p>\u2022 if the source of your personal data is not the person to whom the data regards, the categories of relevant personal data are: name and surname, place of work, position,<\/p>\n<p>\u2022 your data will be made available to the following recipients: people authorised and trained to process data, persons processing data based on contracts entrusting the processing of data contained in the document<\/p>\n<p>\u2022 the data will be deleted no later than 1 year after the later event &#8211; the end of the mandatory storage period of accounting and tax documentation specified in the regulations or the end of the limitation period for pursuing and defending claims specified in the regulations; regarding data processed pursuant to article 6 paragraph 1 f) RODO &#8211; the removal will occur without  delay after taking into account any objection,<\/p>\n<p>\u2022 you have the right to request access from the administrator to personal data regarding a person, their rectification, removal, restrictions of their processing, the right to lodge a complaint to the Chairman of Data Protection,<\/p>\n<p>In addition, based on article 21, paragraph 1 RODO, you have the right to object at any time &#8211; for reasons related to your particular situation &#8211; to the processing of your data based on article 6 paragraph 1 f) RODO.<\/p>\n<\/article>\n<\/div>\n<\/div>\n<aside class=\"sidebar grid_4a pull_9a\">\n<div class=\"left-boxes\"> <\/div>\n<\/aside>\n<p>[\/et_pb_text][\/et_pb_column][\/et_pb_row][\/et_pb_section][et_pb_section fb_built=&#8221;1&#8243; admin_label=&#8221;Footer&#8221; _builder_version=&#8221;4.0.6&#8243; use_background_color_gradient=&#8221;on&#8221; background_color_gradient_start=&#8221;#160d08&#8243; background_color_gradient_end=&#8221;rgba(0,0,0,0.66)&#8221; background_color_gradient_overlays_image=&#8221;on&#8221; background_image=&#8221;http:\/\/ritpol.tworzona.pl\/wp-content\/uploads\/2019\/11\/Canva-Selective-Focus-Photo-of-CheeseBurger-scaled.jpg&#8221; custom_margin=&#8221;-19px||||false|false&#8221; custom_margin_tablet=&#8221;&#8221; custom_margin_phone=&#8221;&#8221; custom_margin_last_edited=&#8221;on|desktop&#8221; custom_padding=&#8221;0|0px|0px|0px|false|false&#8221; global_module=&#8221;323&#8243; saved_tabs=&#8221;all&#8221;][et_pb_row _builder_version=&#8221;3.25&#8243; width=&#8221;100%&#8221; max_width=&#8221;100%&#8221; custom_padding=&#8221;0|0px|0|0px|false|false&#8221; use_custom_width=&#8221;on&#8221; width_unit=&#8221;off&#8221; custom_width_percent=&#8221;100%&#8221;][et_pb_column type=&#8221;4_4&#8243; _builder_version=&#8221;3.25&#8243; custom_padding=&#8221;|||&#8221; custom_padding__hover=&#8221;|||&#8221;][et_pb_image src=&#8221;http:\/\/ritpol.tworzona.pl\/wp-content\/uploads\/2019\/11\/bakery-53.png&#8221; align=&#8221;center&#8221; align_tablet=&#8221;&#8221; align_phone=&#8221;&#8221; align_last_edited=&#8221;on|phone&#8221; _builder_version=&#8221;4.0.6&#8243; custom_margin=&#8221;-56px||||false|false&#8221; custom_margin_tablet=&#8221;-50px||||false|false&#8221; custom_margin_phone=&#8221;0px||||false|false&#8221; custom_margin_last_edited=&#8221;on|tablet&#8221;][\/et_pb_image][\/et_pb_column][\/et_pb_row][et_pb_row column_structure=&#8221;1_3,1_3,1_3&#8243; _builder_version=&#8221;3.25&#8243; custom_margin=&#8221;60px||60px||true&#8221;][et_pb_column type=&#8221;1_3&#8243; _builder_version=&#8221;3.25&#8243; custom_padding=&#8221;|||&#8221; custom_padding__hover=&#8221;|||&#8221;][et_pb_text _builder_version=&#8221;4.0.6&#8243; text_font=&#8221;PT Sans|700|||||||&#8221; text_line_height=&#8221;2em&#8221; link_font=&#8221;||||||||&#8221; link_text_color=&#8221;#a06d51&#8243; header_font=&#8221;||||||||&#8221; header_3_font=&#8221;Itim|700|||||||&#8221; header_3_text_color=&#8221;#a06d51&#8243; header_3_font_size=&#8221;14px&#8221; header_3_line_height=&#8221;2em&#8221; text_orientation=&#8221;center&#8221; background_layout=&#8221;dark&#8221; custom_margin=&#8221;||4px&#8221; locked=&#8221;off&#8221;]<\/p>\n<h3>Find us<\/h3>\n<p>[\/et_pb_text][et_pb_social_media_follow _builder_version=&#8221;4.0.6&#8243; text_orientation=&#8221;center&#8221;][et_pb_social_media_follow_network social_network=&#8221;facebook&#8221; _builder_version=&#8221;3.19.15&#8243; background_color=&#8221;rgba(59,89,152,0)&#8221; box_shadow_style__hover=&#8221;none&#8221; box_shadow_style__hover_enabled=&#8221;none&#8221; box_shadow_color__hover=&#8221;rgba(0,0,0,0.3)&#8221; box_shadow_color__hover_enabled=&#8221;rgba(0,0,0,0.3)&#8221; filter_hue_rotate__hover=&#8221;0deg&#8221; filter_hue_rotate__hover_enabled=&#8221;0deg&#8221; filter_saturate__hover=&#8221;100%&#8221; filter_saturate__hover_enabled=&#8221;100%&#8221; filter_brightness__hover=&#8221;100%&#8221; filter_brightness__hover_enabled=&#8221;100%&#8221; filter_contrast__hover=&#8221;100%&#8221; filter_contrast__hover_enabled=&#8221;100%&#8221; filter_invert__hover=&#8221;0%&#8221; filter_invert__hover_enabled=&#8221;0%&#8221; filter_sepia__hover=&#8221;0%&#8221; filter_sepia__hover_enabled=&#8221;0%&#8221; filter_opacity__hover=&#8221;100%&#8221; filter_opacity__hover_enabled=&#8221;100%&#8221; filter_blur__hover=&#8221;0px&#8221; filter_blur__hover_enabled=&#8221;0px&#8221; mix_blend_mode__hover=&#8221;normal&#8221; mix_blend_mode__hover_enabled=&#8221;normal&#8221; follow_button=&#8221;off&#8221; url_new_window=&#8221;on&#8221;]facebook[\/et_pb_social_media_follow_network][et_pb_social_media_follow_network social_network=&#8221;twitter&#8221; _builder_version=&#8221;3.19.15&#8243; background_color=&#8221;rgba(0,172,237,0)&#8221; box_shadow_style__hover=&#8221;none&#8221; box_shadow_style__hover_enabled=&#8221;none&#8221; box_shadow_color__hover=&#8221;rgba(0,0,0,0.3)&#8221; box_shadow_color__hover_enabled=&#8221;rgba(0,0,0,0.3)&#8221; filter_hue_rotate__hover=&#8221;0deg&#8221; filter_hue_rotate__hover_enabled=&#8221;0deg&#8221; filter_saturate__hover=&#8221;100%&#8221; filter_saturate__hover_enabled=&#8221;100%&#8221; filter_brightness__hover=&#8221;100%&#8221; filter_brightness__hover_enabled=&#8221;100%&#8221; filter_contrast__hover=&#8221;100%&#8221; filter_contrast__hover_enabled=&#8221;100%&#8221; filter_invert__hover=&#8221;0%&#8221; filter_invert__hover_enabled=&#8221;0%&#8221; filter_sepia__hover=&#8221;0%&#8221; filter_sepia__hover_enabled=&#8221;0%&#8221; filter_opacity__hover=&#8221;100%&#8221; filter_opacity__hover_enabled=&#8221;100%&#8221; filter_blur__hover=&#8221;0px&#8221; filter_blur__hover_enabled=&#8221;0px&#8221; mix_blend_mode__hover=&#8221;normal&#8221; mix_blend_mode__hover_enabled=&#8221;normal&#8221; follow_button=&#8221;off&#8221; url_new_window=&#8221;on&#8221;]twitter[\/et_pb_social_media_follow_network][et_pb_social_media_follow_network social_network=&#8221;pinterest&#8221; _builder_version=&#8221;3.19.15&#8243; background_color=&#8221;rgba(203,32,39,0)&#8221; box_shadow_style__hover=&#8221;none&#8221; box_shadow_style__hover_enabled=&#8221;none&#8221; box_shadow_color__hover=&#8221;rgba(0,0,0,0.3)&#8221; box_shadow_color__hover_enabled=&#8221;rgba(0,0,0,0.3)&#8221; filter_hue_rotate__hover=&#8221;0deg&#8221; filter_hue_rotate__hover_enabled=&#8221;0deg&#8221; filter_saturate__hover=&#8221;100%&#8221; filter_saturate__hover_enabled=&#8221;100%&#8221; filter_brightness__hover=&#8221;100%&#8221; filter_brightness__hover_enabled=&#8221;100%&#8221; filter_contrast__hover=&#8221;100%&#8221; filter_contrast__hover_enabled=&#8221;100%&#8221; filter_invert__hover=&#8221;0%&#8221; filter_invert__hover_enabled=&#8221;0%&#8221; filter_sepia__hover=&#8221;0%&#8221; filter_sepia__hover_enabled=&#8221;0%&#8221; filter_opacity__hover=&#8221;100%&#8221; filter_opacity__hover_enabled=&#8221;100%&#8221; filter_blur__hover=&#8221;0px&#8221; filter_blur__hover_enabled=&#8221;0px&#8221; mix_blend_mode__hover=&#8221;normal&#8221; mix_blend_mode__hover_enabled=&#8221;normal&#8221; follow_button=&#8221;off&#8221; url_new_window=&#8221;on&#8221;]pinterest[\/et_pb_social_media_follow_network][et_pb_social_media_follow_network social_network=&#8221;instagram&#8221; _builder_version=&#8221;3.19.15&#8243; background_color=&#8221;rgba(234,44,89,0)&#8221; box_shadow_style__hover=&#8221;none&#8221; box_shadow_style__hover_enabled=&#8221;none&#8221; box_shadow_color__hover=&#8221;rgba(0,0,0,0.3)&#8221; box_shadow_color__hover_enabled=&#8221;rgba(0,0,0,0.3)&#8221; filter_hue_rotate__hover=&#8221;0deg&#8221; filter_hue_rotate__hover_enabled=&#8221;0deg&#8221; filter_saturate__hover=&#8221;100%&#8221; filter_saturate__hover_enabled=&#8221;100%&#8221; filter_brightness__hover=&#8221;100%&#8221; filter_brightness__hover_enabled=&#8221;100%&#8221; filter_contrast__hover=&#8221;100%&#8221; filter_contrast__hover_enabled=&#8221;100%&#8221; filter_invert__hover=&#8221;0%&#8221; filter_invert__hover_enabled=&#8221;0%&#8221; filter_sepia__hover=&#8221;0%&#8221; filter_sepia__hover_enabled=&#8221;0%&#8221; filter_opacity__hover=&#8221;100%&#8221; filter_opacity__hover_enabled=&#8221;100%&#8221; filter_blur__hover=&#8221;0px&#8221; filter_blur__hover_enabled=&#8221;0px&#8221; mix_blend_mode__hover=&#8221;normal&#8221; mix_blend_mode__hover_enabled=&#8221;normal&#8221; follow_button=&#8221;off&#8221; url_new_window=&#8221;on&#8221;]instagram[\/et_pb_social_media_follow_network][\/et_pb_social_media_follow][et_pb_text _builder_version=&#8221;4.0.6&#8243; text_font=&#8221;PT Sans|700|||||||&#8221; text_line_height=&#8221;2em&#8221; link_font=&#8221;||||||||&#8221; link_text_color=&#8221;#a06d51&#8243; header_font=&#8221;||||||||&#8221; header_3_font=&#8221;Itim|700|||||||&#8221; header_3_text_color=&#8221;#a06d51&#8243; header_3_font_size=&#8221;14px&#8221; header_3_line_height=&#8221;2em&#8221; text_orientation=&#8221;center&#8221; background_layout=&#8221;dark&#8221; locked=&#8221;off&#8221;]<\/p>\n<h3><strong>RITPOL Spyrzy\u0144ski Sp. jawna.<\/strong><\/h3>\n<p><span>42-512 Psary<\/span><br \/> <span>1K Kamienna Street<\/span><\/p>\n<p>[\/et_pb_text][\/et_pb_column][et_pb_column type=&#8221;1_3&#8243; _builder_version=&#8221;3.25&#8243; custom_padding=&#8221;|||&#8221; custom_padding__hover=&#8221;|||&#8221;][et_pb_text _builder_version=&#8221;4.0.6&#8243; text_font=&#8221;PT Sans|700|||||||&#8221; text_line_height=&#8221;2em&#8221; link_font=&#8221;||||||||&#8221; link_text_color=&#8221;#a06d51&#8243; header_font=&#8221;||||||||&#8221; header_3_font=&#8221;Itim|700|||||||&#8221; header_3_text_color=&#8221;#a06d51&#8243; header_3_font_size=&#8221;14px&#8221; header_3_line_height=&#8221;2em&#8221; text_orientation=&#8221;center&#8221; background_layout=&#8221;dark&#8221; locked=&#8221;off&#8221;]<\/p>\n<h3>Contact us<\/h3>\n<p><span>Tel\/Fax: 32 360 19 62<\/span><br \/> <span>Mob: 601430804<\/span><br \/> <span>E-mail: biuro@ritpol.pl<\/span><\/p>\n<p><span>NIP 625 162 72 19<\/span><\/p>\n<p>[\/et_pb_text][\/et_pb_column][et_pb_column type=&#8221;1_3&#8243; _builder_version=&#8221;3.25&#8243; custom_padding=&#8221;|||&#8221; custom_padding__hover=&#8221;|||&#8221;][et_pb_text _builder_version=&#8221;4.0.6&#8243; text_font=&#8221;Itim||||||||&#8221; link_font=&#8221;|||||on|||&#8221; link_text_color=&#8221;#ffffff&#8221; link_font_size=&#8221;15px&#8221;]<\/p>\n<p><a xmlns:xhtml=\"http:\/\/www.w3.org\/1999\/xhtml\" xhtml:href=\"https:\/\/ritpol.pl\/en\/general-information-about-processing-personal-data\/\">General information regarding data processing<br \/> <\/a><a xmlns:xhtml=\"http:\/\/www.w3.org\/1999\/xhtml\" xhtml:href=\"https:\/\/ritpol.pl\/en\/information-for-people-applying-for-the-recruitment-process\/\">Information for people applying for the recruitment process<span>.<\/span><\/a><\/p>\n<p>[\/et_pb_text][\/et_pb_column][\/et_pb_row][et_pb_row column_structure=&#8221;1_2,1_2&#8243; _builder_version=&#8221;4.0.6&#8243;][et_pb_column type=&#8221;1_2&#8243; _builder_version=&#8221;4.0.6&#8243;][et_pb_text _builder_version=&#8221;4.0.6&#8243; text_text_color=&#8221;#ffffff&#8221;]<\/p>\n<p>@RITPOL Spyrzy\u0144ski General jawna.<\/p>\n<p>[\/et_pb_text][\/et_pb_column][et_pb_column type=&#8221;1_2&#8243; _builder_version=&#8221;4.0.6&#8243;][\/et_pb_column][\/et_pb_row][\/et_pb_section]<\/p>\n","protected":false},"excerpt":{"rendered":"<p>Description of the category of those to whom the information applies: people acting as representatives or employees of suppliers of products or services to Ritpol Spyrzy\u0144ski General Company or who purchase products or services from Ritpol Spyrzy\u0144ski General Company &nbsp; Ritpol Spyrzy\u0144ski General Partnership informs &#8211; in accordance with article 13 paragraph 1 and article [&hellip;]<\/p>\n","protected":false},"author":3,"featured_media":0,"parent":0,"menu_order":0,"comment_status":"closed","ping_status":"closed","template":"","meta":{"_et_pb_use_builder":"on","_et_pb_old_content":"","_et_gb_content_width":"","footnotes":""},"_links":{"self":[{"href":"https:\/\/ritpol.pl\/en\/wp-json\/wp\/v2\/pages\/26978"}],"collection":[{"href":"https:\/\/ritpol.pl\/en\/wp-json\/wp\/v2\/pages"}],"about":[{"href":"https:\/\/ritpol.pl\/en\/wp-json\/wp\/v2\/types\/page"}],"author":[{"embeddable":true,"href":"https:\/\/ritpol.pl\/en\/wp-json\/wp\/v2\/users\/3"}],"replies":[{"embeddable":true,"href":"https:\/\/ritpol.pl\/en\/wp-json\/wp\/v2\/comments?post=26978"}],"version-history":[{"count":1,"href":"https:\/\/ritpol.pl\/en\/wp-json\/wp\/v2\/pages\/26978\/revisions"}],"predecessor-version":[{"id":26991,"href":"https:\/\/ritpol.pl\/en\/wp-json\/wp\/v2\/pages\/26978\/revisions\/26991"}],"wp:attachment":[{"href":"https:\/\/ritpol.pl\/en\/wp-json\/wp\/v2\/media?parent=26978"}],"curies":[{"name":"wp","href":"https:\/\/api.w.org\/{rel}","templated":true}]}}