{"id":26937,"date":"2019-12-06T10:29:43","date_gmt":"2019-12-06T09:29:43","guid":{"rendered":"https:\/\/ritpol.pl\/general-information-about-processing-personal-data\/"},"modified":"2024-05-17T12:45:21","modified_gmt":"2024-05-17T10:45:21","slug":"general-information-about-processing-personal-data","status":"publish","type":"page","link":"https:\/\/ritpol.pl\/en\/general-information-about-processing-personal-data\/","title":{"rendered":"General information about processing personal data"},"content":{"rendered":"<p>[et_pb_section fb_built=&#8221;1&#8243; _builder_version=&#8221;4.0.6&#8243;][et_pb_row _builder_version=&#8221;4.0.6&#8243;][et_pb_column type=&#8221;4_4&#8243; _builder_version=&#8221;4.0.6&#8243;][et_pb_text _builder_version=&#8221;4.0.6&#8243;]<\/p>\n<p>Dear Sir \/ Madam,<\/p>\n<p>At the Ritpol Spyrzy\u0144ski General Company, being aware of the importance of personal data, we take the highest care to ensure the appropriate level of security. Personal data belongs to the company\u2019s key information resources and we guarantee their protection.<\/p>\n<p>&nbsp;<\/p>\n<p>The processing of your personal data occurs with respect to the data processing rules:<br \/>&#8211; according to the law, reliability, and clarity,<br \/>&#8211; purpose limitation,<br \/>&#8211; the minimisation of data,<br \/>&#8211; accuracy,<br \/>&#8211; storage limitations,<br \/>&#8211; integrity and confidentiality.<\/p>\n<p>&nbsp;<\/p>\n<p>Executing the duties of the data administrator are defined in article 13 and article 14 Regulated by the European Parliament and Council (EU) 2016\/679 dated 27th of April 2016 regarding the security of individuals in relation to processing personal data and regarding the free movement of such data and the repeal of the directive 95\/46\/WE, we represent the rightful information to people whose data is processed by our company.<\/p>\n<p>All questions regarding the personal data protection can be sent:<\/p>\n<p>In writing: Ritpol Spyrzy\u0144ski sp\u00f3\u0142ka jawna, 42-512, Psary Kamienna Street<br \/>or by email: biuro@ritpol.pl<\/p>\n<p>We remain with best regards<\/p>\n<p>Management and the team at Ritpol Spyrzy\u0144ski General Company<\/p>\n<p>[\/et_pb_text][\/et_pb_column][\/et_pb_row][\/et_pb_section][et_pb_section fb_built=&#8221;1&#8243; admin_label=&#8221;Footer&#8221; _builder_version=&#8221;4.0.6&#8243; use_background_color_gradient=&#8221;on&#8221; background_color_gradient_start=&#8221;#160d08&#8243; background_color_gradient_end=&#8221;rgba(0,0,0,0.66)&#8221; background_color_gradient_overlays_image=&#8221;on&#8221; background_image=&#8221;http:\/\/ritpol.tworzona.pl\/wp-content\/uploads\/2019\/11\/Canva-Selective-Focus-Photo-of-CheeseBurger-scaled.jpg&#8221; custom_margin=&#8221;-19px||||false|false&#8221; custom_margin_tablet=&#8221;&#8221; custom_margin_phone=&#8221;&#8221; custom_margin_last_edited=&#8221;on|desktop&#8221; custom_padding=&#8221;0|0px|0px|0px|false|false&#8221; saved_tabs=&#8221;all&#8221; global_module=&#8221;323&#8243;][et_pb_row _builder_version=&#8221;3.25&#8243; width=&#8221;100%&#8221; max_width=&#8221;100%&#8221; custom_padding=&#8221;0|0px|0|0px|false|false&#8221; use_custom_width=&#8221;on&#8221; width_unit=&#8221;off&#8221; custom_width_percent=&#8221;100%&#8221;][et_pb_column type=&#8221;4_4&#8243; _builder_version=&#8221;3.25&#8243; custom_padding=&#8221;|||&#8221; custom_padding__hover=&#8221;|||&#8221;][et_pb_image src=&#8221;http:\/\/ritpol.tworzona.pl\/wp-content\/uploads\/2019\/11\/bakery-53.png&#8221; align=&#8221;center&#8221; align_tablet=&#8221;&#8221; align_phone=&#8221;&#8221; align_last_edited=&#8221;on|phone&#8221; _builder_version=&#8221;4.0.6&#8243; custom_margin=&#8221;-56px||||false|false&#8221; custom_margin_tablet=&#8221;-50px||||false|false&#8221; custom_margin_phone=&#8221;0px||||false|false&#8221; custom_margin_last_edited=&#8221;on|tablet&#8221;][\/et_pb_image][\/et_pb_column][\/et_pb_row][et_pb_row column_structure=&#8221;1_3,1_3,1_3&#8243; _builder_version=&#8221;3.25&#8243; custom_margin=&#8221;60px||60px||true&#8221;][et_pb_column type=&#8221;1_3&#8243; _builder_version=&#8221;3.25&#8243; custom_padding=&#8221;|||&#8221; custom_padding__hover=&#8221;|||&#8221;][et_pb_text _builder_version=&#8221;4.0.6&#8243; text_font=&#8221;PT Sans|700|||||||&#8221; text_line_height=&#8221;2em&#8221; link_font=&#8221;||||||||&#8221; link_text_color=&#8221;#a06d51&#8243; header_font=&#8221;||||||||&#8221; header_3_font=&#8221;Itim|700|||||||&#8221; header_3_text_color=&#8221;#a06d51&#8243; header_3_font_size=&#8221;14px&#8221; header_3_line_height=&#8221;2em&#8221; text_orientation=&#8221;center&#8221; background_layout=&#8221;dark&#8221; custom_margin=&#8221;||4px&#8221; locked=&#8221;off&#8221;]<\/p>\n<h3>Find us<\/h3>\n<p>[\/et_pb_text][et_pb_social_media_follow _builder_version=&#8221;4.0.6&#8243; text_orientation=&#8221;center&#8221;][et_pb_social_media_follow_network social_network=&#8221;facebook&#8221; _builder_version=&#8221;3.19.15&#8243; background_color=&#8221;rgba(59,89,152,0)&#8221; box_shadow_style__hover=&#8221;none&#8221; box_shadow_style__hover_enabled=&#8221;none&#8221; box_shadow_color__hover=&#8221;rgba(0,0,0,0.3)&#8221; box_shadow_color__hover_enabled=&#8221;rgba(0,0,0,0.3)&#8221; filter_hue_rotate__hover=&#8221;0deg&#8221; filter_hue_rotate__hover_enabled=&#8221;0deg&#8221; filter_saturate__hover=&#8221;100%&#8221; filter_saturate__hover_enabled=&#8221;100%&#8221; filter_brightness__hover=&#8221;100%&#8221; filter_brightness__hover_enabled=&#8221;100%&#8221; filter_contrast__hover=&#8221;100%&#8221; filter_contrast__hover_enabled=&#8221;100%&#8221; filter_invert__hover=&#8221;0%&#8221; filter_invert__hover_enabled=&#8221;0%&#8221; filter_sepia__hover=&#8221;0%&#8221; filter_sepia__hover_enabled=&#8221;0%&#8221; filter_opacity__hover=&#8221;100%&#8221; filter_opacity__hover_enabled=&#8221;100%&#8221; filter_blur__hover=&#8221;0px&#8221; filter_blur__hover_enabled=&#8221;0px&#8221; mix_blend_mode__hover=&#8221;normal&#8221; mix_blend_mode__hover_enabled=&#8221;normal&#8221; follow_button=&#8221;off&#8221; url_new_window=&#8221;on&#8221;]facebook[\/et_pb_social_media_follow_network][et_pb_social_media_follow_network social_network=&#8221;twitter&#8221; _builder_version=&#8221;3.19.15&#8243; background_color=&#8221;rgba(0,172,237,0)&#8221; box_shadow_style__hover=&#8221;none&#8221; box_shadow_style__hover_enabled=&#8221;none&#8221; box_shadow_color__hover=&#8221;rgba(0,0,0,0.3)&#8221; box_shadow_color__hover_enabled=&#8221;rgba(0,0,0,0.3)&#8221; filter_hue_rotate__hover=&#8221;0deg&#8221; filter_hue_rotate__hover_enabled=&#8221;0deg&#8221; filter_saturate__hover=&#8221;100%&#8221; filter_saturate__hover_enabled=&#8221;100%&#8221; filter_brightness__hover=&#8221;100%&#8221; filter_brightness__hover_enabled=&#8221;100%&#8221; filter_contrast__hover=&#8221;100%&#8221; filter_contrast__hover_enabled=&#8221;100%&#8221; filter_invert__hover=&#8221;0%&#8221; filter_invert__hover_enabled=&#8221;0%&#8221; filter_sepia__hover=&#8221;0%&#8221; filter_sepia__hover_enabled=&#8221;0%&#8221; filter_opacity__hover=&#8221;100%&#8221; filter_opacity__hover_enabled=&#8221;100%&#8221; filter_blur__hover=&#8221;0px&#8221; filter_blur__hover_enabled=&#8221;0px&#8221; mix_blend_mode__hover=&#8221;normal&#8221; mix_blend_mode__hover_enabled=&#8221;normal&#8221; follow_button=&#8221;off&#8221; url_new_window=&#8221;on&#8221;]twitter[\/et_pb_social_media_follow_network][et_pb_social_media_follow_network social_network=&#8221;pinterest&#8221; _builder_version=&#8221;3.19.15&#8243; background_color=&#8221;rgba(203,32,39,0)&#8221; box_shadow_style__hover=&#8221;none&#8221; box_shadow_style__hover_enabled=&#8221;none&#8221; box_shadow_color__hover=&#8221;rgba(0,0,0,0.3)&#8221; box_shadow_color__hover_enabled=&#8221;rgba(0,0,0,0.3)&#8221; filter_hue_rotate__hover=&#8221;0deg&#8221; filter_hue_rotate__hover_enabled=&#8221;0deg&#8221; filter_saturate__hover=&#8221;100%&#8221; filter_saturate__hover_enabled=&#8221;100%&#8221; filter_brightness__hover=&#8221;100%&#8221; filter_brightness__hover_enabled=&#8221;100%&#8221; filter_contrast__hover=&#8221;100%&#8221; filter_contrast__hover_enabled=&#8221;100%&#8221; filter_invert__hover=&#8221;0%&#8221; filter_invert__hover_enabled=&#8221;0%&#8221; filter_sepia__hover=&#8221;0%&#8221; filter_sepia__hover_enabled=&#8221;0%&#8221; filter_opacity__hover=&#8221;100%&#8221; filter_opacity__hover_enabled=&#8221;100%&#8221; filter_blur__hover=&#8221;0px&#8221; filter_blur__hover_enabled=&#8221;0px&#8221; mix_blend_mode__hover=&#8221;normal&#8221; mix_blend_mode__hover_enabled=&#8221;normal&#8221; follow_button=&#8221;off&#8221; url_new_window=&#8221;on&#8221;]pinterest[\/et_pb_social_media_follow_network][et_pb_social_media_follow_network social_network=&#8221;instagram&#8221; _builder_version=&#8221;3.19.15&#8243; background_color=&#8221;rgba(234,44,89,0)&#8221; box_shadow_style__hover=&#8221;none&#8221; box_shadow_style__hover_enabled=&#8221;none&#8221; box_shadow_color__hover=&#8221;rgba(0,0,0,0.3)&#8221; box_shadow_color__hover_enabled=&#8221;rgba(0,0,0,0.3)&#8221; filter_hue_rotate__hover=&#8221;0deg&#8221; filter_hue_rotate__hover_enabled=&#8221;0deg&#8221; filter_saturate__hover=&#8221;100%&#8221; filter_saturate__hover_enabled=&#8221;100%&#8221; filter_brightness__hover=&#8221;100%&#8221; filter_brightness__hover_enabled=&#8221;100%&#8221; filter_contrast__hover=&#8221;100%&#8221; filter_contrast__hover_enabled=&#8221;100%&#8221; filter_invert__hover=&#8221;0%&#8221; filter_invert__hover_enabled=&#8221;0%&#8221; filter_sepia__hover=&#8221;0%&#8221; filter_sepia__hover_enabled=&#8221;0%&#8221; filter_opacity__hover=&#8221;100%&#8221; filter_opacity__hover_enabled=&#8221;100%&#8221; filter_blur__hover=&#8221;0px&#8221; filter_blur__hover_enabled=&#8221;0px&#8221; mix_blend_mode__hover=&#8221;normal&#8221; mix_blend_mode__hover_enabled=&#8221;normal&#8221; follow_button=&#8221;off&#8221; url_new_window=&#8221;on&#8221;]instagram[\/et_pb_social_media_follow_network][\/et_pb_social_media_follow][et_pb_text _builder_version=&#8221;4.0.6&#8243; text_font=&#8221;PT Sans|700|||||||&#8221; text_line_height=&#8221;2em&#8221; link_font=&#8221;||||||||&#8221; link_text_color=&#8221;#a06d51&#8243; header_font=&#8221;||||||||&#8221; header_3_font=&#8221;Itim|700|||||||&#8221; header_3_text_color=&#8221;#a06d51&#8243; header_3_font_size=&#8221;14px&#8221; header_3_line_height=&#8221;2em&#8221; text_orientation=&#8221;center&#8221; background_layout=&#8221;dark&#8221; locked=&#8221;off&#8221;]<\/p>\n<h3><strong>RITPOL Spyrzy\u0144ski Sp. jawna.<\/strong><\/h3>\n<p><span>42-512 Psary<\/span><br \/> <span>1K Kamienna Street<\/span><\/p>\n<p>[\/et_pb_text][\/et_pb_column][et_pb_column type=&#8221;1_3&#8243; _builder_version=&#8221;3.25&#8243; custom_padding=&#8221;|||&#8221; custom_padding__hover=&#8221;|||&#8221;][et_pb_text _builder_version=&#8221;4.0.6&#8243; text_font=&#8221;PT Sans|700|||||||&#8221; text_line_height=&#8221;2em&#8221; link_font=&#8221;||||||||&#8221; link_text_color=&#8221;#a06d51&#8243; header_font=&#8221;||||||||&#8221; header_3_font=&#8221;Itim|700|||||||&#8221; header_3_text_color=&#8221;#a06d51&#8243; header_3_font_size=&#8221;14px&#8221; header_3_line_height=&#8221;2em&#8221; text_orientation=&#8221;center&#8221; background_layout=&#8221;dark&#8221; locked=&#8221;off&#8221;]<\/p>\n<h3>Contact us<\/h3>\n<p><span>Tel\/Fax: 32 360 19 62<\/span><br \/> <span>Mob: 601430804<\/span><br \/> <span>E-mail: biuro@ritpol.pl<\/span><\/p>\n<p><span>NIP 625 162 72 19<\/span><\/p>\n<p>[\/et_pb_text][\/et_pb_column][et_pb_column type=&#8221;1_3&#8243; _builder_version=&#8221;3.25&#8243; custom_padding=&#8221;|||&#8221; custom_padding__hover=&#8221;|||&#8221;][\/et_pb_column][\/et_pb_row][et_pb_row column_structure=&#8221;1_2,1_2&#8243; _builder_version=&#8221;4.0.6&#8243;][et_pb_column type=&#8221;1_2&#8243; _builder_version=&#8221;4.0.6&#8243;][et_pb_text _builder_version=&#8221;4.0.6&#8243; text_text_color=&#8221;#ffffff&#8221;]<\/p>\n<p>@RITPOL Spyrzy\u0144ski General jawna.<\/p>\n<p>[\/et_pb_text][\/et_pb_column][et_pb_column type=&#8221;1_2&#8243; _builder_version=&#8221;4.0.6&#8243;][\/et_pb_column][\/et_pb_row][\/et_pb_section]<\/p>\n","protected":false},"excerpt":{"rendered":"<p>Dear Sir \/ Madam, At the Ritpol Spyrzy\u0144ski General Company, being aware of the importance of personal data, we take the highest care to ensure the appropriate level of security. Personal data belongs to the company\u2019s key information resources and we guarantee their protection. &nbsp; The processing of your personal data occurs with respect to [&hellip;]<\/p>\n","protected":false},"author":3,"featured_media":0,"parent":0,"menu_order":0,"comment_status":"closed","ping_status":"closed","template":"","meta":{"_et_pb_use_builder":"on","_et_pb_old_content":"","_et_gb_content_width":"","footnotes":""},"_links":{"self":[{"href":"https:\/\/ritpol.pl\/en\/wp-json\/wp\/v2\/pages\/26937"}],"collection":[{"href":"https:\/\/ritpol.pl\/en\/wp-json\/wp\/v2\/pages"}],"about":[{"href":"https:\/\/ritpol.pl\/en\/wp-json\/wp\/v2\/types\/page"}],"author":[{"embeddable":true,"href":"https:\/\/ritpol.pl\/en\/wp-json\/wp\/v2\/users\/3"}],"replies":[{"embeddable":true,"href":"https:\/\/ritpol.pl\/en\/wp-json\/wp\/v2\/comments?post=26937"}],"version-history":[{"count":1,"href":"https:\/\/ritpol.pl\/en\/wp-json\/wp\/v2\/pages\/26937\/revisions"}],"predecessor-version":[{"id":26949,"href":"https:\/\/ritpol.pl\/en\/wp-json\/wp\/v2\/pages\/26937\/revisions\/26949"}],"wp:attachment":[{"href":"https:\/\/ritpol.pl\/en\/wp-json\/wp\/v2\/media?parent=26937"}],"curies":[{"name":"wp","href":"https:\/\/api.w.org\/{rel}","templated":true}]}}